{"id":1907,"date":"2018-08-18T01:02:16","date_gmt":"2018-08-18T01:02:16","guid":{"rendered":"http:\/\/omegabookcompany.com.mx\/nuevo\/about-us-copy\/"},"modified":"2023-02-21T00:17:50","modified_gmt":"2023-02-21T00:17:50","slug":"quienes-somos","status":"publish","type":"page","link":"https:\/\/omegabookcompany.com.mx\/nuevo\/?page_id=1907","title":{"rendered":"La Empresa &#8211; Majestic Education"},"content":{"rendered":"[vc_row css=\u00bb.vc_custom_1474042186923{margin-top: 50px !important;}\u00bb][vc_column][vc_column_text css=\u00bb.vc_custom_1534554178633{border-bottom-width: 1px !important;border-bottom-color: #444444 !important;border-bottom-style: solid !important;border-radius: 1px !important;}\u00bb]\n<h2><span style=\"font-size: 36pt;\">Qui\u00e9nes somos<\/span><\/h2>\n[\/vc_column_text][\/vc_column][\/vc_row][vc_row css=\u00bb.vc_custom_1452526618788{margin-top: 50px !important;margin-bottom: 50px !important;}\u00bb][vc_column width=\u00bb1\/2&#8243;][vc_custom_heading text=\u00bbOMEGA BOOK COMPANY S.A. de C.V.\u00bb font_container=\u00bbtag:h2|font_size:35|text_align:left\u00bb google_fonts=\u00bbfont_family:Montserrat%3Aregular%2C700|font_style:400%20regular%3A400%3Anormal\u00bb css=\u00bb.vc_custom_1676676233659{margin-bottom: 40px !important;}\u00bb][vc_column_text]Somos l\u00edderes en distribuci\u00f3n de textos y contenidos digitales para la ense\u00f1anza de idiomas. Colaboramos con las mejores editoriales nacionales e internacionales para garantizar el surtido en M\u00e9xico, Centro y Sudam\u00e9rica.[\/vc_column_text][\/vc_column][vc_column width=\u00bb1\/2&#8243;][vc_row_inner][vc_column_inner][vc_single_image image=\u00bb4304&#8243; img_size=\u00bbfull\u00bb style=\u00bbvc_box_shadow_3d\u00bb css_animation=\u00bbtop-to-bottom\u00bb][\/vc_column_inner][\/vc_row_inner][\/vc_column][\/vc_row][vc_row][vc_column width=\u00bb1\/3&#8243;][vc_custom_heading text=\u00bbMisi\u00f3n\u00bb google_fonts=\u00bbfont_family:Montserrat%3Aregular%2C700|font_style:400%20regular%3A400%3Anormal\u00bb css=\u00bb.vc_custom_1534554308604{margin-bottom: 40px !important;border-bottom-width: 1px !important;padding-bottom: 5px !important;border-bottom-color: #444444 !important;border-bottom-style: solid !important;}\u00bb][vc_column_text]\n<div class=\"icono\">\n<p>Dar un \u00f3ptimo servicio garantizando al cliente satisfacci\u00f3n con su pedido tanto en precio, como en rapidez, amabilidad y eficacia.<\/p>\n<\/div>\n<div class=\"icono\"><img decoding=\"async\" src=\"img\/icono2.svg\" alt=\"\" \/><\/div>\n[\/vc_column_text][\/vc_column][vc_column width=\u00bb1\/3&#8243;][vc_custom_heading text=\u00bbVisi\u00f3n\u00bb google_fonts=\u00bbfont_family:Montserrat%3Aregular%2C700|font_style:400%20regular%3A400%3Anormal\u00bb css=\u00bb.vc_custom_1534554347424{margin-bottom: 40px !important;border-bottom-width: 1px !important;padding-bottom: 5px !important;border-bottom-color: #444444 !important;border-bottom-style: solid !important;}\u00bb][vc_column_text]\n<div class=\"icono\">\n<p>Ser el mejor canal de distribuci\u00f3n para las principales editoriales, ofreciendo a sus usuarios nuestra garant\u00eda de satisfacci\u00f3n.<\/p>\n<\/div>\n[\/vc_column_text][\/vc_column][vc_column width=\u00bb1\/3&#8243;][vc_custom_heading text=\u00bbValores\u00bb google_fonts=\u00bbfont_family:Montserrat%3Aregular%2C700|font_style:400%20regular%3A400%3Anormal\u00bb css=\u00bb.vc_custom_1534554360272{margin-bottom: 40px !important;border-bottom-width: 1px !important;padding-bottom: 5px !important;border-bottom-color: #444444 !important;border-bottom-style: solid !important;}\u00bb][vc_column_text]\n<section class=\"contenedor section\">\n<div class=\"iconos-nosotros\">\n<div class=\"icono\">\n<p>Damos a nuestros clientes la confianza y seguridad de contratar no s\u00f3lo a un proveedor, sino a un aliado en los negocios. Trabajamos con honestidad, comunicaci\u00f3n, responsabilidad, confianza, y compromiso.<\/p>\n<\/div>\n<\/div>\n<\/section>\n<footer class=\"site-footer seccion\">\n<div class=\"contenedor contenedor-footer\">\n<div class=\"navegacion\"><\/div>\n<\/div>\n<\/footer>\n[\/vc_column_text][\/vc_column][\/vc_row][vc_row][vc_column]<div class=\"brand_widget \">\t\t\t\t\t\t\t\t\t\t\t\t\t\t<div class=\"brand_item wow fadeIn col-sm-2 col-xs-6\" data-wow-delay=\"200ms\" data-wow-duration=\"1s\">\n\t\t\t\t\t<a href=\"https:\/\/omegabookcompany.com.mx\/nuevo\/?product_cat=serie-world-english\" title=\"Serie World English Third Edition\">\n\t\t\t\t\t\t<img src=\"https:\/\/omegabookcompany.com.mx\/nuevo\/wp-content\/uploads\/2023\/02\/World-English.png\" alt=\"Serie World English Third Edition\" \/>\n\t\t\t\t\t<\/a>\n\t\t\t\t<\/div>\n\t\t\t\t\t\t\t\t\t\t\t\t\t\t\t<div class=\"brand_item wow fadeIn col-sm-2 col-xs-6\" data-wow-delay=\"200ms\" data-wow-duration=\"1s\">\n\t\t\t\t\t<a href=\"https:\/\/omegabookcompany.com.mx\/nuevo\/?product_cat=serie-empower\" title=\"Serie Empower\">\n\t\t\t\t\t\t<img src=\"https:\/\/omegabookcompany.com.mx\/nuevo\/wp-content\/uploads\/2023\/02\/Empower.png\" alt=\"Serie Empower\" \/>\n\t\t\t\t\t<\/a>\n\t\t\t\t<\/div>\n\t\t\t\t\t\t\t\t\t\t\t\t\t\t\t<div class=\"brand_item wow fadeIn col-sm-2 col-xs-6\" data-wow-delay=\"200ms\" data-wow-duration=\"1s\">\n\t\t\t\t\t<a href=\"https:\/\/omegabookcompany.com.mx\/nuevo\/?product_cat=mcgraw-hill\" title=\"Serie Ellevate English\">\n\t\t\t\t\t\t<img src=\"https:\/\/omegabookcompany.com.mx\/nuevo\/wp-content\/uploads\/2023\/02\/Ellevate.png\" alt=\"Serie Ellevate English\" \/>\n\t\t\t\t\t<\/a>\n\t\t\t\t<\/div>\n\t\t\t\t\t\t\t\t\t\t\t\t\t\t\t<div class=\"brand_item wow fadeIn col-sm-2 col-xs-6\" data-wow-delay=\"200ms\" data-wow-duration=\"1s\">\n\t\t\t\t\t<a href=\"https:\/\/omegabookcompany.com.mx\/nuevo\/?product_cat=serie-perspective\" title=\"Serie Perspectives\">\n\t\t\t\t\t\t<img src=\"https:\/\/omegabookcompany.com.mx\/nuevo\/wp-content\/uploads\/2023\/02\/Perspectives.png\" alt=\"Serie Perspectives\" \/>\n\t\t\t\t\t<\/a>\n\t\t\t\t<\/div>\n\t\t\t\t\t\t\t\t\t<\/div>\n\t<\/div>[\/vc_column][\/vc_row]\n","protected":false},"excerpt":{"rendered":"<p>[vc_row css=\u00bb.vc_custom_1474042186923{margin-top: 50px !important;}\u00bb][vc_column][vc_column_text css=\u00bb.vc_custom_1534554178633{border-bottom-width: 1px !important;border-bottom-color: #444444 !important;border-bottom-style: solid !important;border-radius: 1px !important;}\u00bb] Qui\u00e9nes somos [\/vc_column_text][\/vc_column][\/vc_row][vc_row css=\u00bb.vc_custom_1452526618788{margin-top: 50px !important;margin-bottom: 50px &hellip;<\/p>\n","protected":false},"author":1,"featured_media":0,"parent":0,"menu_order":0,"comment_status":"closed","ping_status":"closed","template":"page-templates\/page-template.php","meta":[],"_links":{"self":[{"href":"https:\/\/omegabookcompany.com.mx\/nuevo\/index.php?rest_route=\/wp\/v2\/pages\/1907"}],"collection":[{"href":"https:\/\/omegabookcompany.com.mx\/nuevo\/index.php?rest_route=\/wp\/v2\/pages"}],"about":[{"href":"https:\/\/omegabookcompany.com.mx\/nuevo\/index.php?rest_route=\/wp\/v2\/types\/page"}],"author":[{"embeddable":true,"href":"https:\/\/omegabookcompany.com.mx\/nuevo\/index.php?rest_route=\/wp\/v2\/users\/1"}],"replies":[{"embeddable":true,"href":"https:\/\/omegabookcompany.com.mx\/nuevo\/index.php?rest_route=%2Fwp%2Fv2%2Fcomments&post=1907"}],"version-history":[{"count":17,"href":"https:\/\/omegabookcompany.com.mx\/nuevo\/index.php?rest_route=\/wp\/v2\/pages\/1907\/revisions"}],"predecessor-version":[{"id":4305,"href":"https:\/\/omegabookcompany.com.mx\/nuevo\/index.php?rest_route=\/wp\/v2\/pages\/1907\/revisions\/4305"}],"wp:attachment":[{"href":"https:\/\/omegabookcompany.com.mx\/nuevo\/index.php?rest_route=%2Fwp%2Fv2%2Fmedia&parent=1907"}],"curies":[{"name":"wp","href":"https:\/\/api.w.org\/{rel}","templated":true}]}}