{"id":1132,"date":"2018-08-16T21:07:00","date_gmt":"2018-08-16T21:07:00","guid":{"rendered":"http:\/\/vietnd\/wplion\/?post_type=product&#038;p=30"},"modified":"2023-02-14T01:05:59","modified_gmt":"2023-02-14T01:05:59","slug":"manual-de-actividades-experimentales-quimica-3-cch-cecyt-ipn-dgb-semestre-2-semestre-3-semestre-5","status":"publish","type":"product","link":"https:\/\/omegabookcompany.com.mx\/nuevo\/?product=manual-de-actividades-experimentales-quimica-3-cch-cecyt-ipn-dgb-semestre-2-semestre-3-semestre-5","title":{"rendered":"Manual de Actividades Experimentales Qu\u00edmica 3"},"content":{"rendered":"","protected":false},"excerpt":{"rendered":"<p>Para el trabajo en laboratorio, sigue paso a paso el m\u00e9todo cient\u00edfico, con informaci\u00f3n para tus investigaciones, medidas de precauci\u00f3n, manejo de residuos y material adicional en plataforma.<\/p>\n<p><strong>Presentaci\u00f3n comercial:<\/strong> <span style=\"color: #bb017c;\"><a style=\"color: #bb017c;\" href=\"https:\/\/www.dropbox.com\/s\/bkraltswd35m4g2\/Bachillerato%20Tronco%20Com%C3%BAn.pdf?dl=1\">!Ver aqu\u00ed!\u00a0<\/a><\/span><\/p>\n","protected":false},"featured_media":2077,"template":"","meta":[],"product_cat":[84,88,85,118,111,159],"product_tag":[98,95,100],"_links":{"self":[{"href":"https:\/\/omegabookcompany.com.mx\/nuevo\/index.php?rest_route=\/wp\/v2\/product\/1132"}],"collection":[{"href":"https:\/\/omegabookcompany.com.mx\/nuevo\/index.php?rest_route=\/wp\/v2\/product"}],"about":[{"href":"https:\/\/omegabookcompany.com.mx\/nuevo\/index.php?rest_route=\/wp\/v2\/types\/product"}],"wp:featuredmedia":[{"embeddable":true,"href":"https:\/\/omegabookcompany.com.mx\/nuevo\/index.php?rest_route=\/wp\/v2\/media\/2077"}],"wp:attachment":[{"href":"https:\/\/omegabookcompany.com.mx\/nuevo\/index.php?rest_route=%2Fwp%2Fv2%2Fmedia&parent=1132"}],"wp:term":[{"taxonomy":"product_cat","embeddable":true,"href":"https:\/\/omegabookcompany.com.mx\/nuevo\/index.php?rest_route=%2Fwp%2Fv2%2Fproduct_cat&post=1132"},{"taxonomy":"product_tag","embeddable":true,"href":"https:\/\/omegabookcompany.com.mx\/nuevo\/index.php?rest_route=%2Fwp%2Fv2%2Fproduct_tag&post=1132"}],"curies":[{"name":"wp","href":"https:\/\/api.w.org\/{rel}","templated":true}]}}