{"id":1619,"date":"2018-08-17T21:14:11","date_gmt":"2018-08-17T21:14:11","guid":{"rendered":"http:\/\/demo.lion-themes.net\/vela\/shop\/afternoon-machine\/"},"modified":"2023-01-09T22:54:47","modified_gmt":"2023-01-09T22:54:47","slug":"lets-do-it-dgeti-semestre-1","status":"publish","type":"product","link":"https:\/\/omegabookcompany.com.mx\/nuevo\/?product=lets-do-it-dgeti-semestre-1","title":{"rendered":"Let\u00b4s Do It 1"},"content":{"rendered":"","protected":false},"excerpt":{"rendered":"<p>Para el bachillerato tecnol\u00f3gico, actividades din\u00e1micas cercanas al inter\u00e9s de los estudiantes, juegos gramaticales y lecturas para alcanzar el nivel B1 del MCC. Con audios y apoyo adicional en plataforma.<\/p>\n<p><strong>Presentaci\u00f3n comercial:<\/strong> <span style=\"color: #bb017c;\"><a style=\"color: #bb017c;\" href=\"https:\/\/www.dropbox.com\/s\/5s8026ft878vd32\/Let%C2%B4s%20do%20it.pdf?dl=1\">!Ver aqu\u00ed!\u00a0<\/a><\/span><\/p>\n","protected":false},"featured_media":2061,"template":"","meta":[],"product_cat":[91,108,141],"product_tag":[93],"_links":{"self":[{"href":"https:\/\/omegabookcompany.com.mx\/nuevo\/index.php?rest_route=\/wp\/v2\/product\/1619"}],"collection":[{"href":"https:\/\/omegabookcompany.com.mx\/nuevo\/index.php?rest_route=\/wp\/v2\/product"}],"about":[{"href":"https:\/\/omegabookcompany.com.mx\/nuevo\/index.php?rest_route=\/wp\/v2\/types\/product"}],"wp:featuredmedia":[{"embeddable":true,"href":"https:\/\/omegabookcompany.com.mx\/nuevo\/index.php?rest_route=\/wp\/v2\/media\/2061"}],"wp:attachment":[{"href":"https:\/\/omegabookcompany.com.mx\/nuevo\/index.php?rest_route=%2Fwp%2Fv2%2Fmedia&parent=1619"}],"wp:term":[{"taxonomy":"product_cat","embeddable":true,"href":"https:\/\/omegabookcompany.com.mx\/nuevo\/index.php?rest_route=%2Fwp%2Fv2%2Fproduct_cat&post=1619"},{"taxonomy":"product_tag","embeddable":true,"href":"https:\/\/omegabookcompany.com.mx\/nuevo\/index.php?rest_route=%2Fwp%2Fv2%2Fproduct_tag&post=1619"}],"curies":[{"name":"wp","href":"https:\/\/api.w.org\/{rel}","templated":true}]}}