{"id":3117,"date":"2019-10-26T18:04:07","date_gmt":"2019-10-26T18:04:07","guid":{"rendered":"http:\/\/omegabookcompany.com.mx\/nuevo\/?post_type=product&#038;p=3117"},"modified":"2024-12-05T22:36:11","modified_gmt":"2024-12-05T22:36:11","slug":"calculo-diferencial","status":"publish","type":"product","link":"https:\/\/omegabookcompany.com.mx\/nuevo\/?product=calculo-diferencial","title":{"rendered":"C\u00e1lculo diferencial [Pack: Digital + F\u00edsico]"},"content":{"rendered":"<p><em><strong>Majestic Education<\/strong><\/em> presenta a sus docentes y alumnos del <strong>bachillerato<\/strong> esta nueva propuesta educativa para la ense\u00f1anza media superior acorde a los programas vigentes de la Subsecretar\u00eda de Educaci\u00f3n Media Superior.<br \/>\nLos textos se basan en los nuevos modelos educativos y en tendencias globalizadoras que ayudar\u00e1n a los alumnos a formarse de manera integral con un car\u00e1cter \u00e9tico, acad\u00e9mico, profesional y social, con un enfoque autogestivo y cr\u00edtico.<br \/>\nCada <strong>unidad<\/strong> corresponde a una <strong>evaluaci\u00f3n parcial<\/strong> que atiende a los ejes, contenidos centrales y espec\u00edficos correspondientes; al inicio de la misma se encuentra la secci\u00f3<strong>n \u201cAct\u00faa con valor\u201d en la que desarrollar\u00e1n actitudes positivas para el estudio, el trabajo colaborativo y la construcci\u00f3n de habilidades socio emocionales.<\/strong><br \/>\nPosteriormente encontrar\u00e1n una <strong>Evaluaci\u00f3n diagn\u00f3stica<\/strong> para valorar los conocimientos previos de la unidad.<br \/>\nLas <strong>secuencias did\u00e1cticas<\/strong> est\u00e1n marcadas en sus tres fases: Explora para la activaci\u00f3n de conocimientos previos. <strong>Desarrolla<\/strong> para adquirir el <strong>Aprendizaje Esperado<\/strong> y <strong>Aprende<\/strong> para consolidar dicho aprendizaje.<br \/>\nAl final de la unidad contamos con un <strong>Espacio de Lectura<\/strong> que te ayudar\u00e1 a desarrollar el pensamiento cr\u00edtico en esta asignatura.<br \/>\nCuenta tambi\u00e9n con c\u00e1psulas adicionales <strong>Estudiante 3.0<\/strong> para ampliar la informaci\u00f3n en internet, Ent\u00e9rate para descubrir datos curiosos y <strong>ET<\/strong> para realizar ejercicios de transversalidad.<br \/>\nEl libro concluye con un <strong>Dossier<\/strong> que contiene actividades con temas de refuerzo.<br \/>\nNuestros autores, expertos en cada asignatura y el equipo <strong>Majestic<\/strong> agradecemos contar con tu preferencia.<\/p>\n","protected":false},"excerpt":{"rendered":"<p><span style=\"font-size: 14pt;\"><strong>Pack: Digital + F\u00edsico<\/strong><\/span><\/p>\n<p>Programas actualizados, actividades para trabajar habilidades socioemocionales, transversalidad, lecturas con temas integradores, dossier con ejercicios de refuerzo, material adicional en plataforma.<\/p>\n<p><strong>Presentaci\u00f3n comercial:<\/strong> <span style=\"color: #bb017c;\"><a style=\"color: #bb017c;\" href=\"https:\/\/www.dropbox.com\/s\/bkraltswd35m4g2\/Bachillerato%20Tronco%20Com%C3%BAn.pdf?dl=1\">!Ver aqu\u00ed!\u00a0<\/a><\/span><\/p>\n<p>\u00abDisponible: Libro Digital y Recursos Digitales\u00bb- M\u00e1s informes en servicioaclientes@majesticeducacion.com.mx<\/p>\n<p>ISBN: 978-607-510-056-2<\/p>\n","protected":false},"featured_media":3397,"template":"","meta":[],"product_cat":[90,146],"product_tag":[99],"_links":{"self":[{"href":"https:\/\/omegabookcompany.com.mx\/nuevo\/index.php?rest_route=\/wp\/v2\/product\/3117"}],"collection":[{"href":"https:\/\/omegabookcompany.com.mx\/nuevo\/index.php?rest_route=\/wp\/v2\/product"}],"about":[{"href":"https:\/\/omegabookcompany.com.mx\/nuevo\/index.php?rest_route=\/wp\/v2\/types\/product"}],"wp:featuredmedia":[{"embeddable":true,"href":"https:\/\/omegabookcompany.com.mx\/nuevo\/index.php?rest_route=\/wp\/v2\/media\/3397"}],"wp:attachment":[{"href":"https:\/\/omegabookcompany.com.mx\/nuevo\/index.php?rest_route=%2Fwp%2Fv2%2Fmedia&parent=3117"}],"wp:term":[{"taxonomy":"product_cat","embeddable":true,"href":"https:\/\/omegabookcompany.com.mx\/nuevo\/index.php?rest_route=%2Fwp%2Fv2%2Fproduct_cat&post=3117"},{"taxonomy":"product_tag","embeddable":true,"href":"https:\/\/omegabookcompany.com.mx\/nuevo\/index.php?rest_route=%2Fwp%2Fv2%2Fproduct_tag&post=3117"}],"curies":[{"name":"wp","href":"https:\/\/api.w.org\/{rel}","templated":true}]}}