{"id":4205,"date":"2023-02-13T22:11:35","date_gmt":"2023-02-13T22:11:35","guid":{"rendered":"http:\/\/omegabookcompany.com.mx\/nuevo\/?product=horizontes-3-orientacion-juvenil-y-profesional-copy"},"modified":"2023-02-13T22:18:57","modified_gmt":"2023-02-13T22:18:57","slug":"horizontes-3-orientacion-juvenil-y-profesional-copy","status":"publish","type":"product","link":"https:\/\/omegabookcompany.com.mx\/nuevo\/?product=horizontes-3-orientacion-juvenil-y-profesional-copy","title":{"rendered":"Horizontes 3 Orientaci\u00f3n juvenil y profesional [Digital]"},"content":{"rendered":"<p><em><strong>Majestic Education<\/strong><\/em> presenta a sus docentes y alumnos esta nueva propuesta educativa.<br \/>\nLos textos se basan en los nuevos modelos educativos y en tendencias globalizadoras que ayudar\u00e1n a los alumnos a formarse de manera integral con un car\u00e1cter \u00e9tico, acad\u00e9mico, profesional y social, con un enfoque autogestivo y cr\u00edtico.<br \/>\nCada <strong>unidad<\/strong> corresponde a una <strong>evaluaci\u00f3n parcial<\/strong>, contenidos correspondientes; al inicio de la misma se encuentra la secci\u00f3n <strong>Valores en acci\u00f3n en la que desarrollar\u00e1n habilidades socio emocionales.<\/strong><br \/>\nPosteriormente encontrar\u00e1n una Evaluaci\u00f3n diagn\u00f3stica para valorar los conocimientos previos de la unidad.<br \/>\nLas<strong> secuencias did\u00e1cticas<\/strong> est\u00e1n marcadas en sus tres fases: Explora para la activaci\u00f3n de conocimientos previos. <strong>Desarrolla para adquirir y analizar conocimientos<\/strong> y <strong>Aprende<\/strong> para consolidar dicho aprendizaje.<br \/>\nAl final de la unidad contamos con un <strong>Espacio de Lectura<\/strong> que te ayudar\u00e1 a desarrollar el pensamiento cr\u00edtico en esta asignatura.<br \/>\nCuenta tambi\u00e9n con c\u00e1psulas adicionales <strong>Estudiante 3.0<\/strong> para ampliar la informaci\u00f3n en internet, Ent\u00e9rate para descubrir datos curiosos y <strong>ET<\/strong> para realizar ejercicios de transversalidad.<br \/>\nEl libro concluye con un <strong>Dossier<\/strong> que contiene actividades con temas de refuerzo. Nuestros autores, expertos en cada asignatura y el equipo Majestic agradecemos contar con tu preferencia.<\/p>\n","protected":false},"excerpt":{"rendered":"<p><span style=\"font-size: 14pt;\"><strong>Libro Digital<\/strong><\/span><\/p>\n<p>Programas actualizados, actividades para trabajar habilidades socioemocionales, transversalidad, lecturas con temas integradores, dossier con ejercicios de refuerzo, material adicional en plataforma.<\/p>\n<p><strong>Presentaci\u00f3n comercial:<\/strong> <span style=\"color: #bb017c;\"><a style=\"color: #bb017c;\" href=\"https:\/\/www.dropbox.com\/s\/bkraltswd35m4g2\/Bachillerato%20Tronco%20Com%C3%BAn.pdf?dl=1\">!Ver aqu\u00ed!\u00a0<\/a><\/span><\/p>\n<p>\u00abDisponible: Libro Digital y Recursos Digitales\u00bb- M\u00e1s informes en <a href=\"mailto:servicioaclientes@majesticeducacion.com.mx\">servicioaclientes@majesticeducacion.com.mx<\/a><\/p>\n<p>ISBN: 978-607-510-074-6<\/p>\n","protected":false},"featured_media":3359,"template":"","meta":[],"product_cat":[90,145,113],"product_tag":[],"_links":{"self":[{"href":"https:\/\/omegabookcompany.com.mx\/nuevo\/index.php?rest_route=\/wp\/v2\/product\/4205"}],"collection":[{"href":"https:\/\/omegabookcompany.com.mx\/nuevo\/index.php?rest_route=\/wp\/v2\/product"}],"about":[{"href":"https:\/\/omegabookcompany.com.mx\/nuevo\/index.php?rest_route=\/wp\/v2\/types\/product"}],"wp:featuredmedia":[{"embeddable":true,"href":"https:\/\/omegabookcompany.com.mx\/nuevo\/index.php?rest_route=\/wp\/v2\/media\/3359"}],"wp:attachment":[{"href":"https:\/\/omegabookcompany.com.mx\/nuevo\/index.php?rest_route=%2Fwp%2Fv2%2Fmedia&parent=4205"}],"wp:term":[{"taxonomy":"product_cat","embeddable":true,"href":"https:\/\/omegabookcompany.com.mx\/nuevo\/index.php?rest_route=%2Fwp%2Fv2%2Fproduct_cat&post=4205"},{"taxonomy":"product_tag","embeddable":true,"href":"https:\/\/omegabookcompany.com.mx\/nuevo\/index.php?rest_route=%2Fwp%2Fv2%2Fproduct_tag&post=4205"}],"curies":[{"name":"wp","href":"https:\/\/api.w.org\/{rel}","templated":true}]}}