{"id":4242,"date":"2023-02-13T23:34:29","date_gmt":"2023-02-13T23:34:29","guid":{"rendered":"http:\/\/omegabookcompany.com.mx\/nuevo\/?product=historia-de-mexico-1-copy"},"modified":"2023-02-14T00:13:54","modified_gmt":"2023-02-14T00:13:54","slug":"historia-de-mexico-1-copy","status":"publish","type":"product","link":"https:\/\/omegabookcompany.com.mx\/nuevo\/?product=historia-de-mexico-1-copy","title":{"rendered":"Historia de M\u00e9xico 1 [Digital]"},"content":{"rendered":"<p>La serie <em><strong>Dimensiones<\/strong> <\/em>de <strong>Majestic Education<\/strong> est\u00e1 dirigida a la educaci\u00f3n secundaria con base en los planes y programas de estudio vigentes. En ella se trabaja mediante un modelo educativo constructivista y l\u00fadico, que ayudar\u00e1 a los alumnos a formarse de manera integral, con un enfoque autogestivo, anal\u00edtico, cr\u00edtico y \u00e9tico.<br \/>\nEl proyecto est\u00e1 integrado por el <strong>Cuaderno de Trabajo<\/strong>, en el que los estudiantes reforzar\u00e1n sus aprendizajes, mismos que aplicar\u00e1n en diversos ejercicios con un enfoque pr\u00e1ctico y el <strong>Libro Digital<\/strong>, en el que podr\u00e1n consultar conceptos, explicaciones, ejemplos y contenido adicional.<br \/>\nCada trimestre del <strong>Cuaderno de Trabajo<\/strong> corresponde a una evaluaci\u00f3n parcial que atiende a los ejes tem\u00e1ticos, ejercicios y actividades sobre los contenidos centrales y espec\u00edficos correspondientes; al inicio de la misma est\u00e1 la secci\u00f3n<strong> \u00bfT\u00fa qu\u00e9 opinas?<\/strong> para activar conocimientos previos.<br \/>\nLas lecciones atienden a una secuencia did\u00e1ctica en tres fases: <strong>Recuerda<\/strong> con informaci\u00f3n precisa sobre los temas estudiados, <strong>Analiza<\/strong> con textos hist\u00f3ricos, preguntas y actividades para favorecer la reflexi\u00f3n hist\u00f3rica y <strong>Juega y aprende<\/strong> con recursos l\u00fadicos para agilizar el desarrollo del conocimiento hist\u00f3rico.<br \/>\nAl final del trimestre se presenta las r\u00fabricas <strong>Desaf\u00edate<\/strong> para que el alumno tome conciencia de su propio aprendizaje y <strong>Valora lo aprendido<\/strong> una evaluaci\u00f3n de los conocimientos de cada lecci\u00f3n.<br \/>\nIncluye c\u00e1psulas adicionales <strong>Estudiantes 4.0<\/strong> para ampliar la informaci\u00f3n en internet y <strong>Comparte una idea<\/strong> con preguntas para exponer concepciones e inquietudes personales.<br \/>\nCada trimestre del <strong>Libro Digital<\/strong> atiende a los\u00a0 ejes tem\u00e1ticos, contenidos centrales y espec\u00edficos correspondientes.<br \/>\nAl inicio de la misma se encuentra la secci\u00f3n <strong>Act\u00faa con valor<\/strong> para desarrollar habilidades socioemocionales y <strong>Conecta<\/strong> para articular saberes transversales con otras disciplinas.<br \/>\nLas secuencias did\u00e1cticas est\u00e1n marcadas en tres fases: Aprende con informaci\u00f3n para adquirir el aprendizaje esperado, <strong>Interpreta<\/strong> con textos hist\u00f3ricos sobre el tema estudiado e <strong>Indaga t\u00fa<\/strong> con preguntas que se responden a partir de lo estudiado.<br \/>\nAl final del trimestre contamos con un <strong>Espacio de Lectura<\/strong> para desarrollar el pensamiento cr\u00edtico y la secci\u00f3n <strong>Demuestra lo aprendido<\/strong> con una evaluaci\u00f3n.<\/p>\n","protected":false},"excerpt":{"rendered":"<p><span style=\"font-size: 14pt;\"><strong>Libro Digital<\/strong><\/span><\/p>\n<p>Cuaderno de trabajo acorde a los programas vigentes, actividades para trabajar habilidades socioemocionales,<br \/>\ntransversalidad y lecturas con temas integradores.<\/p>\n<p>Libro del alumno en plataforma con material adicional.<\/p>\n<p>M\u00e1s informes en servicioaclientes@majesticeducacion.com.mx<\/p>\n<p>ISBN: 978-607-510-090-6<\/p>\n","protected":false},"featured_media":3761,"template":"","meta":[],"product_cat":[133,134],"product_tag":[],"_links":{"self":[{"href":"https:\/\/omegabookcompany.com.mx\/nuevo\/index.php?rest_route=\/wp\/v2\/product\/4242"}],"collection":[{"href":"https:\/\/omegabookcompany.com.mx\/nuevo\/index.php?rest_route=\/wp\/v2\/product"}],"about":[{"href":"https:\/\/omegabookcompany.com.mx\/nuevo\/index.php?rest_route=\/wp\/v2\/types\/product"}],"wp:featuredmedia":[{"embeddable":true,"href":"https:\/\/omegabookcompany.com.mx\/nuevo\/index.php?rest_route=\/wp\/v2\/media\/3761"}],"wp:attachment":[{"href":"https:\/\/omegabookcompany.com.mx\/nuevo\/index.php?rest_route=%2Fwp%2Fv2%2Fmedia&parent=4242"}],"wp:term":[{"taxonomy":"product_cat","embeddable":true,"href":"https:\/\/omegabookcompany.com.mx\/nuevo\/index.php?rest_route=%2Fwp%2Fv2%2Fproduct_cat&post=4242"},{"taxonomy":"product_tag","embeddable":true,"href":"https:\/\/omegabookcompany.com.mx\/nuevo\/index.php?rest_route=%2Fwp%2Fv2%2Fproduct_tag&post=4242"}],"curies":[{"name":"wp","href":"https:\/\/api.w.org\/{rel}","templated":true}]}}